{"id":6455,"date":"2017-04-30T02:32:21","date_gmt":"2017-04-30T01:32:21","guid":{"rendered":"https:\/\/www.ihsanrd.org\/?page_id=6455"},"modified":"2019-10-21T17:58:32","modified_gmt":"2019-10-21T14:58:32","slug":"vacancies_syria","status":"publish","type":"page","link":"https:\/\/www.ihsanrd.org\/tr\/vacancies_syria\/","title":{"rendered":"Suriye Pozisyonlar"},"content":{"rendered":"[vc_row type=&#8221;full_width_background&#8221; full_screen_row_position=&#8221;middle&#8221; bg_color=&#8221;#111111&#8243; scene_position=&#8221;center&#8221; text_color=&#8221;light&#8221; text_align=&#8221;left&#8221; top_padding=&#8221;5%&#8221; color_overlay=&#8221;#0a0a0a&#8221; overlay_strength=&#8221;0.95&#8243;][vc_column enable_animation=&#8221;true&#8221; animation=&#8221;fade-in-from-bottom&#8221; column_padding=&#8221;no-extra-padding&#8221; column_padding_position=&#8221;all&#8221; background_color_opacity=&#8221;1&#8243; background_hover_color_opacity=&#8221;1&#8243; column_shadow=&#8221;none&#8221; width=&#8221;1\/1&#8243; tablet_text_alignment=&#8221;default&#8221; phone_text_alignment=&#8221;default&#8221; column_border_width=&#8221;none&#8221; column_border_style=&#8221;solid&#8221;][vc_row_inner column_margin=&#8221;default&#8221; text_align=&#8221;left&#8221;][vc_column_inner enable_animation=&#8221;true&#8221; animation=&#8221;fade-in-from-bottom&#8221; column_padding=&#8221;no-extra-padding&#8221; column_padding_position=&#8221;all&#8221; centered_text=&#8221;true&#8221; background_color_opacity=&#8221;1&#8243; width=&#8221;1\/1&#8243; column_border_width=&#8221;none&#8221; column_border_style=&#8221;solid&#8221;][vc_column_text css_animation=&#8221;bounceInDown&#8221; css=&#8221;.vc_custom_1515756475875{margin-bottom: 90px !important;}&#8221;]\n<h2>KATILMAK \u0130\u00c7\u0130N BA\u015eVUR<\/h2>\n[\/vc_column_text][\/vc_column_inner][\/vc_row_inner][vc_column_text]<div class=\"job_listings\" data-location=\"\" data-keywords=\"\" data-show_filters=\"true\" data-show_pagination=\"false\" data-per_page=\"20\" data-orderby=\"featured\" data-order=\"DESC\" data-categories=\"syria\" data-disable-form-state-storage=\"\" data-featured_first=\"false\" data-post_id=\"6455\" >\n\n<form class=\"job_filters\" style=\"background-color:green;\">\n  \n\t\n\t<div class=\"search_jobs\">\n\t\t\n\t\t<div class=\"search_keywords\">\n\t\t\t<label for=\"search_keywords\">Anahtar Kelimeler<\/label>\n\t\t\t<input type=\"text\" name=\"search_keywords\" id=\"search_keywords\" placeholder=\"Anahtar Kelimeler\" value=\"\" \/>\n\t\t<\/div>\n\n\t\t<div class=\"search_location\">\n\t\t\t<label for=\"search_location\">Lokasyon<\/label>\n\t\t\t<input type=\"text\" name=\"search_location\" id=\"search_location\" placeholder=\"Lokasyon\" value=\"\" \/>\n\t\t<\/div>\n\n\t\t\t\t\t\t\t\t\t<input type=\"hidden\" name=\"search_categories[]\" value=\"syria\" \/>\n\t\t\t\t\t\n\t\t\t<\/div>\n\n\t\n\t<ul class=\"job_types\" style=\"background-color:#fff;\">\n    \n\t\t\t\t\t<li><label style=\"color:green;font-size:12px;\" for=\"job_type_full-time\" class=\"full-time\"><input type=\"checkbox\" name=\"filter_job_type[]\" value=\"full-time\"  checked='checked' id=\"job_type_full-time\" \/> FULL TIME<\/label><\/li>\n\t\t\t\t\t<li><label style=\"color:green;font-size:12px;\" for=\"job_type_part-time\" class=\"part-time\"><input type=\"checkbox\" name=\"filter_job_type[]\" value=\"part-time\"  checked='checked' id=\"job_type_part-time\" \/> PART TIME<\/label><\/li>\n\t\t\t<\/ul>\n\t<input type=\"hidden\" name=\"filter_job_type[]\" value=\"\" \/>\n<div class=\"showing_jobs\"><\/div><\/form>\n\n\n<noscript>Taray\u0131c\u0131n\u0131z JavaScript desteklemiyor ya da JavaScript&rsquo;i devre d\u0131\u015f\u0131 b\u0131rakm\u0131\u015f. \u0130lanlar\u0131 g\u00f6rebilmek i\u00e7in JavaScript aktif olmal\u0131d\u0131r.<\/noscript><ul class=\"job_listings\" style=\"background-color:#fff;\"><\/ul><a class=\"load_more_jobs\" href=\"#\" style=\"display:none;\"><strong>Daha fazla ilan<\/strong><\/a><\/div>[\/vc_column_text]<div class=\"divider-wrap\"><div style=\"height: 20px;\" class=\"divider\"><\/div><\/div>[\/vc_column][\/vc_row][vc_row type=&#8221;full_width_background&#8221; full_screen_row_position=&#8221;middle&#8221; bg_color=&#8221;#333333&#8243; scene_position=&#8221;center&#8221; text_color=&#8221;light&#8221; text_align=&#8221;right&#8221; overlay_strength=&#8221;0.3&#8243;][vc_column column_padding=&#8221;no-extra-padding&#8221; column_padding_position=&#8221;all&#8221; background_color_opacity=&#8221;1&#8243; background_hover_color_opacity=&#8221;1&#8243; column_shadow=&#8221;none&#8221; width=&#8221;1\/1&#8243; tablet_text_alignment=&#8221;default&#8221; phone_text_alignment=&#8221;default&#8221; column_border_width=&#8221;none&#8221; column_border_style=&#8221;solid&#8221;]<div class=\"divider-wrap\"><div style=\"height: 25px;\" class=\"divider\"><\/div><\/div>[vc_row_inner column_margin=&#8221;default&#8221; text_align=&#8221;right&#8221;][vc_column_inner column_padding=&#8221;no-extra-padding&#8221; column_padding_position=&#8221;left&#8221; centered_text=&#8221;true&#8221; background_color_opacity=&#8221;1&#8243; width=&#8221;1\/3&#8243; column_border_width=&#8221;none&#8221; column_border_style=&#8221;solid&#8221;][vc_column_text]\n<h5 style=\"text-align: left;\">Daha fazla bilgi i\u00e7in ziyaret edin veya bize ula\u015f\u0131n:<br \/>\nIncilip\u0131nar Mah. Kamilocak Cad 6<br \/>\nZ\u00fcmer i\u015f merkezi No: 17 \u015eahitkemil \/ Gaziantep<\/h5>\n<p>&nbsp;<\/p>\n<h5 style=\"text-align: left;\">info@ihsanrd.org<br \/>\nFax: +90 212 263 41 75<\/h5>\n[\/vc_column_text]<div class=\"divider-wrap\"><div style=\"height: 25px;\" class=\"divider\"><\/div><\/div><div class=\"divider-wrap\"><div style=\"height: 25px;\" class=\"divider\"><\/div><\/div><div class=\"divider-wrap\"><div style=\"height: 25px;\" class=\"divider\"><\/div><\/div>[vc_column_text]\n<h4 style=\"text-align: left;\">E-b\u00fclten \u00dcyeli\u011fi<\/h4>\n[\/vc_column_text][vc_column_text]<script>(function() {\n\twindow.mc4wp = window.mc4wp || {\n\t\tlisteners: [],\n\t\tforms: {\n\t\t\ton: function(evt, cb) {\n\t\t\t\twindow.mc4wp.listeners.push(\n\t\t\t\t\t{\n\t\t\t\t\t\tevent   : evt,\n\t\t\t\t\t\tcallback: cb\n\t\t\t\t\t}\n\t\t\t\t);\n\t\t\t}\n\t\t}\n\t}\n})();\n<\/script><!-- Mailchimp for WordPress v4.12.1 - https:\/\/wordpress.org\/plugins\/mailchimp-for-wp\/ --><form id=\"mc4wp-form-4\" class=\"mc4wp-form mc4wp-form-19046\" method=\"post\" data-id=\"19046\" data-name=\"Newsletter_Arabic\" ><div class=\"mc4wp-form-fields\"><div class=\"col\" style=\"margin-top: 10px;\">\r\n    \r\n    <input type=\"email\" name=\"EMAIL\" required=\"\" placeholder=\"\">\r\n<\/div>\r\n<div class=\"col\" style=\"margin-top: 10px;\">\r\n    <input type=\"submit\" value=\"Subscribe\">\r\n<\/div>\r\n\r\n<\/div><label style=\"display: none !important;\">Leave this field empty if you're human: <input type=\"text\" name=\"_mc4wp_honeypot\" value=\"\" tabindex=\"-1\" autocomplete=\"off\" \/><\/label><input type=\"hidden\" name=\"_mc4wp_timestamp\" value=\"1776848468\" \/><input type=\"hidden\" name=\"_mc4wp_form_id\" value=\"19046\" \/><input type=\"hidden\" name=\"_mc4wp_form_element_id\" value=\"mc4wp-form-4\" \/><div class=\"mc4wp-response\"><\/div><\/form><!-- \/ Mailchimp for WordPress Plugin -->[\/vc_column_text][\/vc_column_inner][vc_column_inner column_padding=&#8221;padding-5-percent&#8221; column_padding_position=&#8221;right&#8221; centered_text=&#8221;true&#8221; background_color_opacity=&#8221;1&#8243; width=&#8221;1\/3&#8243; column_border_width=&#8221;none&#8221; column_border_style=&#8221;solid&#8221;][vc_column_text]\n<h5 style=\"text-align: center;\"><span style=\"color: #ffffff;\">Nasil fonu harciyoruz<\/span><\/h5>\n[\/vc_column_text]<div class=\"divider-wrap\"><div style=\"height: 25px;\" class=\"divider\"><\/div><\/div><div class=\"img-with-aniamtion-wrap center\" data-max-width=\"100%\"><div class=\"inner\"><a href=\"https:\/\/www.ihsanrd.org\/publications_reports\/\" target=\"_self\" class=\"center\"><img loading=\"lazy\" decoding=\"async\" data-shadow=\"none\" data-shadow-direction=\"middle\" class=\"img-with-animation \" data-delay=\"0\" height=\"226\" width=\"250\" data-animation=\"fade-in\" src=\"https:\/\/www.ihsanrd.org\/wp-content\/uploads\/2018\/01\/footer-tr-02-e1515748507304.png\"  alt=\"\" \/><\/a><\/div><\/div><div class=\"divider-wrap\"><div style=\"height: 25px;\" class=\"divider\"><\/div><\/div>[nectar_btn size=&#8221;small&#8221; open_new_tab=&#8221;true&#8221; button_style=&#8221;see-through-3d&#8221; color_override=&#8221;#ffffff&#8221; url=&#8221;https:\/\/www.syrianforumusa.org\/donate.html&#8221; text=&#8221;Ba\u011f\u0131\u015f yap&#8221;][\/vc_column_inner][vc_column_inner column_padding=&#8221;no-extra-padding&#8221; column_padding_position=&#8221;all&#8221; centered_text=&#8221;true&#8221; background_color_opacity=&#8221;1&#8243; width=&#8221;1\/3&#8243; column_border_width=&#8221;none&#8221; column_border_style=&#8221;solid&#8221;]<div class=\"img-with-aniamtion-wrap center\" data-max-width=\"125%\"><div class=\"inner\"><a href=\"http:\/\/www.syrianforum.org\" target=\"_blank\" class=\"center\"><img loading=\"lazy\" decoding=\"async\" data-shadow=\"none\" data-shadow-direction=\"middle\" class=\"img-with-animation \" data-delay=\"0\" height=\"130\" width=\"120\" data-animation=\"fade-in\" src=\"https:\/\/www.ihsanrd.org\/wp-content\/uploads\/2018\/01\/Syrian-Forum-Tr-01-e1515755017272.png\"  alt=\"\" \/><\/a><\/div><\/div><div class=\"divider-wrap\"><div style=\"height: 25px;\" class=\"divider\"><\/div><\/div>[vc_column_text]\n<h6 style=\"text-align: center;\"><span style=\"font-family: arial, helvetica, sans-serif; color: #e1e3eb;\">\u0130hsan, Suriye Forum \u00e7at\u0131s\u0131 alt\u0131nda Suriyelilerin hayat\u0131n\u0131 t\u00fcm d\u00fcnyada geli\u015ftirmeye katk\u0131da bulunan alt\u0131 kurumdan biridir.<\/span><\/h6>\n[\/vc_column_text]<div class=\"divider-wrap\"><div style=\"height: 25px;\" class=\"divider\"><\/div><\/div>[vc_column_text css=&#8221;.vc_custom_1514213355596{margin-right: -20px !important;padding-left: 20px !important;}&#8221;]\n<table style=\"background-color: rgba(0, 0, 0, 0); border-style: none;\" cellpadding=\"0\">\n<tbody>\n<tr style=\"background-color: rgba(0, 0, 0, 0); border-style: none;\">\n<td style=\"background-color: rgba(0, 0, 0, 0); border: none;\"><a href=\"http:\/\/www.ihsanrd.org\" target=\"_blank\" rel=\"noopener noreferrer\"><img loading=\"lazy\" decoding=\"async\" class=\"right alignnone wp-image-25710 size-full\" src=\"https:\/\/www.ihsanrd.org\/wp-content\/uploads\/2015\/12\/Ihsan-new-logo2-1-300x136-1-300x136.png\" alt=\"\" width=\"300\" height=\"122\" \/><\/a><\/td>\n<td style=\"background-color: rgba(0, 0, 0, 0); border: none;\"><a href=\"https:\/\/www.bousla.org\/\" target=\"_blank\" rel=\"noopener noreferrer\"><img loading=\"lazy\" decoding=\"async\" class=\"right aligncenter wp-image-25709 size-full\" src=\"https:\/\/www.ihsanrd.org\/wp-content\/uploads\/2015\/12\/Bossla-2-300x135-1.png\" alt=\"\" width=\"300\" height=\"135\" \/><\/a><\/td>\n<td style=\"background-color: rgba(0, 0, 0, 0); border: none;\"><a href=\"http:\/\/rizk.syrianforum.org\/\" target=\"_blank\" rel=\"noopener noreferrer\"><img loading=\"lazy\" decoding=\"async\" class=\"right aligncenter wp-image-25711 size-full\" src=\"https:\/\/www.ihsanrd.org\/wp-content\/uploads\/2015\/12\/Razk-1-300x134-1.png\" alt=\"\" width=\"300\" height=\"134\" \/><\/a><\/td>\n<td style=\"background-color: rgba(0, 0, 0, 0); border: none;\"><\/td>\n<td style=\"background-color: rgba(0, 0, 0, 0); border: none;\"><\/td>\n<td style=\"background-color: rgba(0, 0, 0, 0); border: none;\"><\/td>\n<\/tr>\n<tr style=\"background-color: rgba(0, 0, 0, 0); border-style: none;\">\n<td style=\"background-color: rgba(0, 0, 0, 0); border: none;\"><a href=\"http:\/\/fener.syrianforum.org\/ \" target=\"_blank\" rel=\"noopener noreferrer\"><img loading=\"lazy\" decoding=\"async\" class=\"right aligncenter wp-image-25712 size-full\" src=\"https:\/\/www.ihsanrd.org\/wp-content\/uploads\/2015\/12\/Fener-1-300x134-1.png\" alt=\"\" width=\"300\" height=\"134\" \/><\/a><\/td>\n<td style=\"background-color: rgba(0, 0, 0, 0); border: none;\"><a href=\"http:\/\/www.omrandirasat.org\/\" target=\"_blank\" rel=\"noopener noreferrer\"><img loading=\"lazy\" decoding=\"async\" class=\"right aligncenter wp-image-25717 size-full\" src=\"https:\/\/www.ihsanrd.org\/wp-content\/uploads\/2015\/12\/Omran-1-300x127-1.png\" alt=\"\" width=\"300\" height=\"127\" \/><\/a><\/td>\n<td style=\"background-color: rgba(0, 0, 0, 0); border: none;\"><a href=\"https:\/\/www.alsouria.net\/\" target=\"_blank\" rel=\"noopener noreferrer\"><img loading=\"lazy\" decoding=\"async\" class=\"right aligncenter wp-image-25710 size-full\" src=\"https:\/\/www.ihsanrd.org\/wp-content\/uploads\/2015\/12\/Syrian-1-300x122-1.png\" alt=\"\" width=\"300\" height=\"122\" \/><\/a><\/td>\n<td style=\"background-color: rgba(0, 0, 0, 0); border: none;\"><\/td>\n<td style=\"background-color: rgba(0, 0, 0, 0); border: none;\"><\/td>\n<td style=\"background-color: rgba(0, 0, 0, 0); border: none;\"><\/td>\n<\/tr>\n<\/tbody>\n<\/table>\n[\/vc_column_text][\/vc_column_inner][\/vc_row_inner][\/vc_column][\/vc_row]","protected":false},"excerpt":{"rendered":"<p>[vc_row type=&#8221;full_width_background&#8221; full_screen_row_position=&#8221;middle&#8221; bg_color=&#8221;#111111&#8243; scene_position=&#8221;center&#8221; text_color=&#8221;light&#8221; text_align=&#8221;left&#8221; top_padding=&#8221;5%&#8221; color_overlay=&#8221;#0a0a0a&#8221; overlay_strength=&#8221;0.95&#8243;][vc_column enable_animation=&#8221;true&#8221; animation=&#8221;fade-in-from-bottom&#8221; column_padding=&#8221;no-extra-padding&#8221; column_padding_position=&#8221;all&#8221; background_color_opacity=&#8221;1&#8243; background_hover_color_opacity=&#8221;1&#8243; column_shadow=&#8221;none&#8221; width=&#8221;1\/1&#8243; tablet_text_alignment=&#8221;default&#8221; phone_text_alignment=&#8221;default&#8221; column_border_width=&#8221;none&#8221; column_border_style=&#8221;solid&#8221;][vc_row_inner column_margin=&#8221;default&#8221; text_align=&#8221;left&#8221;][vc_column_inner enable_animation=&#8221;true&#8221; animation=&#8221;fade-in-from-bottom&#8221; column_padding=&#8221;no-extra-padding&#8221; column_padding_position=&#8221;all&#8221; centered_text=&#8221;true&#8221; background_color_opacity=&#8221;1&#8243;&#8230;<\/p>\n","protected":false},"author":11,"featured_media":0,"parent":0,"menu_order":0,"comment_status":"closed","ping_status":"closed","template":"","meta":{"footnotes":""},"class_list":["post-6455","page","type-page","status-publish","hentry"],"yoast_head":"<!-- This site is optimized with the Yoast SEO plugin v25.3.1 - https:\/\/yoast.com\/wordpress\/plugins\/seo\/ -->\n<title>Suriye Pozisyonlar - Ihsan Insani Yardim Ve Dayanisma Derne\u011fi<\/title>\n<meta name=\"robots\" content=\"index, follow, max-snippet:-1, max-image-preview:large, max-video-preview:-1\" \/>\n<link rel=\"canonical\" href=\"https:\/\/www.ihsanrd.org\/vacancies_syria\/\" \/>\n<meta property=\"og:locale\" content=\"tr_TR\" \/>\n<meta property=\"og:type\" content=\"article\" \/>\n<meta property=\"og:title\" content=\"[:en]Vacancies Syria[:ar]\u0627\u0644\u0648\u0638\u0627\u0626\u0641 \u0641\u064a \u0633\u0648\u0631\u064a\u0627[:tr]Suriye Pozisyonlar[:] - Ihsan Insani Yardim Ve Dayanisma Derne\u011fi\" \/>\n<meta property=\"og:description\" content=\"[vc_row type=&#8221;full_width_background&#8221; full_screen_row_position=&#8221;middle&#8221; bg_color=&#8221;#111111&#8243; scene_position=&#8221;center&#8221; text_color=&#8221;light&#8221; text_align=&#8221;left&#8221; top_padding=&#8221;5%&#8221; color_overlay=&#8221;#0a0a0a&#8221; overlay_strength=&#8221;0.95&#8243;][vc_column enable_animation=&#8221;true&#8221; animation=&#8221;fade-in-from-bottom&#8221; column_padding=&#8221;no-extra-padding&#8221; column_padding_position=&#8221;all&#8221; background_color_opacity=&#8221;1&#8243; background_hover_color_opacity=&#8221;1&#8243; column_shadow=&#8221;none&#8221; width=&#8221;1\/1&#8243; tablet_text_alignment=&#8221;default&#8221; phone_text_alignment=&#8221;default&#8221; column_border_width=&#8221;none&#8221; column_border_style=&#8221;solid&#8221;][vc_row_inner column_margin=&#8221;default&#8221; text_align=&#8221;left&#8221;][vc_column_inner enable_animation=&#8221;true&#8221; animation=&#8221;fade-in-from-bottom&#8221; column_padding=&#8221;no-extra-padding&#8221; column_padding_position=&#8221;all&#8221; centered_text=&#8221;true&#8221; background_color_opacity=&#8221;1&#8243;...\" \/>\n<meta property=\"og:url\" content=\"https:\/\/www.ihsanrd.org\/vacancies_syria\/\" \/>\n<meta property=\"og:site_name\" content=\"Ihsan Insani Yardim Ve Dayanisma Derne\u011fi\" \/>\n<meta property=\"article:publisher\" content=\"https:\/\/www.facebook.com\/IhsanRD\/\" \/>\n<meta property=\"article:modified_time\" content=\"2019-10-21T14:58:32+00:00\" \/>\n<meta property=\"og:image\" content=\"https:\/\/www.ihsanrd.org\/wp-content\/uploads\/2015\/12\/Ihsan-new-logo2-1-300x136-1-300x136.png\" \/>\n<meta name=\"twitter:card\" content=\"summary_large_image\" \/>\n<meta name=\"twitter:site\" content=\"@Ihsan_R_D\" \/>\n<meta name=\"twitter:label1\" content=\"Tahmini okuma s\u00fcresi\" \/>\n\t<meta name=\"twitter:data1\" content=\"11 dakika\" \/>\n<script type=\"application\/ld+json\" class=\"yoast-schema-graph\">{\"@context\":\"https:\/\/schema.org\",\"@graph\":[{\"@type\":\"WebPage\",\"@id\":\"https:\/\/www.ihsanrd.org\/vacancies_syria\/\",\"url\":\"https:\/\/www.ihsanrd.org\/vacancies_syria\/\",\"name\":\"[:en]Vacancies Syria[:ar]\u0627\u0644\u0648\u0638\u0627\u0626\u0641 \u0641\u064a \u0633\u0648\u0631\u064a\u0627[:tr]Suriye Pozisyonlar[:] - Ihsan Insani Yardim Ve Dayanisma Derne\u011fi\",\"isPartOf\":{\"@id\":\"https:\/\/www.ihsanrd.org\/ar\/#website\"},\"primaryImageOfPage\":{\"@id\":\"https:\/\/www.ihsanrd.org\/vacancies_syria\/#primaryimage\"},\"image\":{\"@id\":\"https:\/\/www.ihsanrd.org\/vacancies_syria\/#primaryimage\"},\"thumbnailUrl\":\"https:\/\/www.ihsanrd.org\/wp-content\/uploads\/2015\/12\/Ihsan-new-logo2-1-300x136-1-300x136.png\",\"datePublished\":\"2017-04-30T01:32:21+00:00\",\"dateModified\":\"2019-10-21T14:58:32+00:00\",\"breadcrumb\":{\"@id\":\"https:\/\/www.ihsanrd.org\/vacancies_syria\/#breadcrumb\"},\"inLanguage\":\"tr\",\"potentialAction\":[{\"@type\":\"ReadAction\",\"target\":[\"https:\/\/www.ihsanrd.org\/vacancies_syria\/\"]}]},{\"@type\":\"ImageObject\",\"inLanguage\":\"tr\",\"@id\":\"https:\/\/www.ihsanrd.org\/vacancies_syria\/#primaryimage\",\"url\":\"https:\/\/www.ihsanrd.org\/wp-content\/uploads\/2015\/12\/Ihsan-new-logo2-1-300x136-1-300x136.png\",\"contentUrl\":\"https:\/\/www.ihsanrd.org\/wp-content\/uploads\/2015\/12\/Ihsan-new-logo2-1-300x136-1-300x136.png\"},{\"@type\":\"BreadcrumbList\",\"@id\":\"https:\/\/www.ihsanrd.org\/vacancies_syria\/#breadcrumb\",\"itemListElement\":[{\"@type\":\"ListItem\",\"position\":1,\"name\":\"Home\",\"item\":\"https:\/\/www.ihsanrd.org\/\"},{\"@type\":\"ListItem\",\"position\":2,\"name\":\"Vacancies Syria\"}]},{\"@type\":\"WebSite\",\"@id\":\"https:\/\/www.ihsanrd.org\/ar\/#website\",\"url\":\"https:\/\/www.ihsanrd.org\/ar\/\",\"name\":\"Ihsan Insani Yardim Ve Dayanisma Derne\u011fi\",\"description\":\"\",\"publisher\":{\"@id\":\"https:\/\/www.ihsanrd.org\/ar\/#organization\"},\"potentialAction\":[{\"@type\":\"SearchAction\",\"target\":{\"@type\":\"EntryPoint\",\"urlTemplate\":\"https:\/\/www.ihsanrd.org\/ar\/?s={search_term_string}\"},\"query-input\":{\"@type\":\"PropertyValueSpecification\",\"valueRequired\":true,\"valueName\":\"search_term_string\"}}],\"inLanguage\":\"tr\"},{\"@type\":\"Organization\",\"@id\":\"https:\/\/www.ihsanrd.org\/ar\/#organization\",\"name\":\"Ihsan Relief and Development\",\"url\":\"https:\/\/www.ihsanrd.org\/ar\/\",\"logo\":{\"@type\":\"ImageObject\",\"inLanguage\":\"tr\",\"@id\":\"https:\/\/www.ihsanrd.org\/ar\/#\/schema\/logo\/image\/\",\"url\":\"https:\/\/www.ihsanrd.org\/wp-content\/uploads\/2015\/12\/Ihsan-new-logo2.png\",\"contentUrl\":\"https:\/\/www.ihsanrd.org\/wp-content\/uploads\/2015\/12\/Ihsan-new-logo2.png\",\"width\":591,\"height\":268,\"caption\":\"Ihsan Relief and Development\"},\"image\":{\"@id\":\"https:\/\/www.ihsanrd.org\/ar\/#\/schema\/logo\/image\/\"},\"sameAs\":[\"https:\/\/www.facebook.com\/IhsanRD\/\",\"https:\/\/x.com\/Ihsan_R_D\",\"https:\/\/www.instagram.com\/ihsanrd_sf\/\",\"https:\/\/www.linkedin.com\/company\/ihsan-for-relief-and-development\/\",\"https:\/\/www.youtube.com\/c\/IhsanforReliefandDevelopment\"]}]}<\/script>\n<!-- \/ Yoast SEO plugin. -->","yoast_head_json":{"title":"[:en]Vacancies Syria[:ar]\u0627\u0644\u0648\u0638\u0627\u0626\u0641 \u0641\u064a \u0633\u0648\u0631\u064a\u0627[:tr]Suriye Pozisyonlar[:] - Ihsan Insani Yardim Ve Dayanisma Derne\u011fi","robots":{"index":"index","follow":"follow","max-snippet":"max-snippet:-1","max-image-preview":"max-image-preview:large","max-video-preview":"max-video-preview:-1"},"canonical":"https:\/\/www.ihsanrd.org\/vacancies_syria\/","og_locale":"tr_TR","og_type":"article","og_title":"[:en]Vacancies Syria[:ar]\u0627\u0644\u0648\u0638\u0627\u0626\u0641 \u0641\u064a \u0633\u0648\u0631\u064a\u0627[:tr]Suriye Pozisyonlar[:] - Ihsan Insani Yardim Ve Dayanisma Derne\u011fi","og_description":"[vc_row type=&#8221;full_width_background&#8221; full_screen_row_position=&#8221;middle&#8221; bg_color=&#8221;#111111&#8243; scene_position=&#8221;center&#8221; text_color=&#8221;light&#8221; text_align=&#8221;left&#8221; top_padding=&#8221;5%&#8221; color_overlay=&#8221;#0a0a0a&#8221; overlay_strength=&#8221;0.95&#8243;][vc_column enable_animation=&#8221;true&#8221; animation=&#8221;fade-in-from-bottom&#8221; column_padding=&#8221;no-extra-padding&#8221; column_padding_position=&#8221;all&#8221; background_color_opacity=&#8221;1&#8243; background_hover_color_opacity=&#8221;1&#8243; column_shadow=&#8221;none&#8221; width=&#8221;1\/1&#8243; tablet_text_alignment=&#8221;default&#8221; phone_text_alignment=&#8221;default&#8221; column_border_width=&#8221;none&#8221; column_border_style=&#8221;solid&#8221;][vc_row_inner column_margin=&#8221;default&#8221; text_align=&#8221;left&#8221;][vc_column_inner enable_animation=&#8221;true&#8221; animation=&#8221;fade-in-from-bottom&#8221; column_padding=&#8221;no-extra-padding&#8221; column_padding_position=&#8221;all&#8221; centered_text=&#8221;true&#8221; background_color_opacity=&#8221;1&#8243;...","og_url":"https:\/\/www.ihsanrd.org\/vacancies_syria\/","og_site_name":"Ihsan Insani Yardim Ve Dayanisma Derne\u011fi","article_publisher":"https:\/\/www.facebook.com\/IhsanRD\/","article_modified_time":"2019-10-21T14:58:32+00:00","og_image":[{"url":"https:\/\/www.ihsanrd.org\/wp-content\/uploads\/2015\/12\/Ihsan-new-logo2-1-300x136-1-300x136.png","type":"","width":"","height":""}],"twitter_card":"summary_large_image","twitter_site":"@Ihsan_R_D","twitter_misc":{"Tahmini okuma s\u00fcresi":"11 dakika"},"schema":{"@context":"https:\/\/schema.org","@graph":[{"@type":"WebPage","@id":"https:\/\/www.ihsanrd.org\/vacancies_syria\/","url":"https:\/\/www.ihsanrd.org\/vacancies_syria\/","name":"[:en]Vacancies Syria[:ar]\u0627\u0644\u0648\u0638\u0627\u0626\u0641 \u0641\u064a \u0633\u0648\u0631\u064a\u0627[:tr]Suriye Pozisyonlar[:] - Ihsan Insani Yardim Ve Dayanisma Derne\u011fi","isPartOf":{"@id":"https:\/\/www.ihsanrd.org\/ar\/#website"},"primaryImageOfPage":{"@id":"https:\/\/www.ihsanrd.org\/vacancies_syria\/#primaryimage"},"image":{"@id":"https:\/\/www.ihsanrd.org\/vacancies_syria\/#primaryimage"},"thumbnailUrl":"https:\/\/www.ihsanrd.org\/wp-content\/uploads\/2015\/12\/Ihsan-new-logo2-1-300x136-1-300x136.png","datePublished":"2017-04-30T01:32:21+00:00","dateModified":"2019-10-21T14:58:32+00:00","breadcrumb":{"@id":"https:\/\/www.ihsanrd.org\/vacancies_syria\/#breadcrumb"},"inLanguage":"tr","potentialAction":[{"@type":"ReadAction","target":["https:\/\/www.ihsanrd.org\/vacancies_syria\/"]}]},{"@type":"ImageObject","inLanguage":"tr","@id":"https:\/\/www.ihsanrd.org\/vacancies_syria\/#primaryimage","url":"https:\/\/www.ihsanrd.org\/wp-content\/uploads\/2015\/12\/Ihsan-new-logo2-1-300x136-1-300x136.png","contentUrl":"https:\/\/www.ihsanrd.org\/wp-content\/uploads\/2015\/12\/Ihsan-new-logo2-1-300x136-1-300x136.png"},{"@type":"BreadcrumbList","@id":"https:\/\/www.ihsanrd.org\/vacancies_syria\/#breadcrumb","itemListElement":[{"@type":"ListItem","position":1,"name":"Home","item":"https:\/\/www.ihsanrd.org\/"},{"@type":"ListItem","position":2,"name":"Vacancies Syria"}]},{"@type":"WebSite","@id":"https:\/\/www.ihsanrd.org\/ar\/#website","url":"https:\/\/www.ihsanrd.org\/ar\/","name":"Ihsan Insani Yardim Ve Dayanisma Derne\u011fi","description":"","publisher":{"@id":"https:\/\/www.ihsanrd.org\/ar\/#organization"},"potentialAction":[{"@type":"SearchAction","target":{"@type":"EntryPoint","urlTemplate":"https:\/\/www.ihsanrd.org\/ar\/?s={search_term_string}"},"query-input":{"@type":"PropertyValueSpecification","valueRequired":true,"valueName":"search_term_string"}}],"inLanguage":"tr"},{"@type":"Organization","@id":"https:\/\/www.ihsanrd.org\/ar\/#organization","name":"Ihsan Relief and Development","url":"https:\/\/www.ihsanrd.org\/ar\/","logo":{"@type":"ImageObject","inLanguage":"tr","@id":"https:\/\/www.ihsanrd.org\/ar\/#\/schema\/logo\/image\/","url":"https:\/\/www.ihsanrd.org\/wp-content\/uploads\/2015\/12\/Ihsan-new-logo2.png","contentUrl":"https:\/\/www.ihsanrd.org\/wp-content\/uploads\/2015\/12\/Ihsan-new-logo2.png","width":591,"height":268,"caption":"Ihsan Relief and Development"},"image":{"@id":"https:\/\/www.ihsanrd.org\/ar\/#\/schema\/logo\/image\/"},"sameAs":["https:\/\/www.facebook.com\/IhsanRD\/","https:\/\/x.com\/Ihsan_R_D","https:\/\/www.instagram.com\/ihsanrd_sf\/","https:\/\/www.linkedin.com\/company\/ihsan-for-relief-and-development\/","https:\/\/www.youtube.com\/c\/IhsanforReliefandDevelopment"]}]}},"_links":{"self":[{"href":"https:\/\/www.ihsanrd.org\/tr\/wp-json\/wp\/v2\/pages\/6455"}],"collection":[{"href":"https:\/\/www.ihsanrd.org\/tr\/wp-json\/wp\/v2\/pages"}],"about":[{"href":"https:\/\/www.ihsanrd.org\/tr\/wp-json\/wp\/v2\/types\/page"}],"author":[{"embeddable":true,"href":"https:\/\/www.ihsanrd.org\/tr\/wp-json\/wp\/v2\/users\/11"}],"replies":[{"embeddable":true,"href":"https:\/\/www.ihsanrd.org\/tr\/wp-json\/wp\/v2\/comments?post=6455"}],"version-history":[{"count":37,"href":"https:\/\/www.ihsanrd.org\/tr\/wp-json\/wp\/v2\/pages\/6455\/revisions"}],"predecessor-version":[{"id":132362,"href":"https:\/\/www.ihsanrd.org\/tr\/wp-json\/wp\/v2\/pages\/6455\/revisions\/132362"}],"wp:attachment":[{"href":"https:\/\/www.ihsanrd.org\/tr\/wp-json\/wp\/v2\/media?parent=6455"}],"curies":[{"name":"wp","href":"https:\/\/api.w.org\/{rel}","templated":true}]}}