{"id":6402,"date":"2017-04-30T01:44:48","date_gmt":"2017-04-30T00:44:48","guid":{"rendered":"https:\/\/www.ihsanrd.org\/?page_id=6402"},"modified":"2025-12-11T09:28:25","modified_gmt":"2025-12-11T06:28:25","slug":"contact-us","status":"publish","type":"page","link":"https:\/\/www.ihsanrd.org\/tr\/contact-us\/","title":{"rendered":"\u0130leti\u015fim"},"content":{"rendered":"[vc_row type=&#8221;full_width_content&#8221; full_screen_row_position=&#8221;middle&#8221; equal_height=&#8221;yes&#8221; scene_position=&#8221;center&#8221; text_color=&#8221;light&#8221; text_align=&#8221;left&#8221; overlay_strength=&#8221;0.3&#8243;][vc_column enable_animation=&#8221;true&#8221; animation=&#8221;grow-in&#8221; column_padding=&#8221;no-extra-padding&#8221; column_padding_position=&#8221;all&#8221; background_color_opacity=&#8221;1&#8243; background_hover_color_opacity=&#8221;1&#8243; column_shadow=&#8221;none&#8221; width=&#8221;1\/2&#8243; tablet_text_alignment=&#8221;default&#8221; phone_text_alignment=&#8221;default&#8221; column_border_width=&#8221;none&#8221; column_border_style=&#8221;solid&#8221; delay=&#8221;200&#8243;][tabbed_section style=&#8221;default&#8221; alignment=&#8221;center&#8221;][tab title=&#8221;Gaziantep&#8221; id=&#8221;1765433342-1-93&#8243; tab_id=&#8221;1765433370542-2&#8243;][vc_column_text]\n<h4 style=\"text-align: center; color: #000000;\">\u0130ncili P\u0131nar Mahallesi, Kamil ocak Caddesi, Z\u00fcmer is merkezi no. 17, Kat 1, 27090 \u015eehitkamil\/Gaziantep<\/h4>\n[\/vc_column_text][nectar_gmap zoom=&#8221;13&#8243; enable_zoom=&#8221;1&#8243; marker_style=&#8221;nectar&#8221; nectar_marker_color=&#8221;accent-color&#8221; map_greyscale=&#8221;1&#8243; map_color=&#8221;#000000&#8243; dark_color_scheme=&#8221;1&#8243; size=&#8221;500&#8243; map_center_lat=&#8221;37.06913658489317&#8243; map_center_lng=&#8221;37.375158438139586&#8243; map_markers=&#8221;37.068709|37.3715355|IHSAN Organization&#8221;][\/tab][tab title=&#8221;\u015eam&#8221; id=&#8221;1765433412905-1-1&#8243; tab_id=&#8221;1765433370542-2&#8243;][vc_column_text]\n<h4 style=\"text-align: center; color: #000000;\"><span class=\"HwtZe\" lang=\"en\"><span class=\"jCAhz ChMk0b\"><span class=\"ryNqvb\">Mezzeh Villas West, Al-Miqdad Bin Amr Street, Building No. 6, Damascus, Syria<\/span><\/span><\/span><\/h4>\n[\/vc_column_text][nectar_gmap zoom=&#8221;13&#8243; enable_zoom=&#8221;1&#8243; marker_style=&#8221;nectar&#8221; nectar_marker_color=&#8221;accent-color&#8221; map_greyscale=&#8221;1&#8243; map_color=&#8221;#000000&#8243; dark_color_scheme=&#8221;1&#8243; size=&#8221;500&#8243; map_center_lat=&#8221;33.49755025275261&#8243; map_center_lng=&#8221;36.237241290136744&#8243; map_markers=&#8221;37.068709|37.3715355|IHSAN Organization&#8221;][\/tab][tab title=&#8221;\u0130stanbul&#8221; id=&#8221;1765433413717-2-8&#8243; tab_id=&#8221;1765433370542-2&#8243;][vc_column_text]\n<h4 style=\"text-align: center; color: #000000;\">KAYABA\u015eI MAH. ADNAN MENDERES BLV. 5A \u2013 B3 Blok \/ \u0130\u00e7 kap\u0131 no: 22 \u2013 Ba\u015fak\u015fehir\/ \u0130stanbul\/ T\u00fcrkiye<\/h4>\n[\/vc_column_text][nectar_gmap zoom=&#8221;13&#8243; enable_zoom=&#8221;1&#8243; marker_style=&#8221;nectar&#8221; nectar_marker_color=&#8221;accent-color&#8221; map_greyscale=&#8221;1&#8243; map_color=&#8221;#000000&#8243; dark_color_scheme=&#8221;1&#8243; size=&#8221;500&#8243; map_center_lat=&#8221;41.120036&#8243; map_center_lng=&#8221;28.774226&#8243; map_markers=&#8221;37.068709|37.3715355|IHSAN Organization&#8221;][\/tab][\/tabbed_section][\/vc_column][vc_column enable_animation=&#8221;true&#8221; animation=&#8221;grow-in&#8221; column_padding=&#8221;padding-8-percent&#8221; column_padding_position=&#8221;all&#8221; background_color=&#8221;#48c126&#8243; background_color_opacity=&#8221;0.9&#8243; background_hover_color_opacity=&#8221;1&#8243; background_image=&#8221;123&#8243; enable_bg_scale=&#8221;true&#8221; column_shadow=&#8221;none&#8221; width=&#8221;1\/2&#8243; tablet_text_alignment=&#8221;default&#8221; phone_text_alignment=&#8221;default&#8221; column_border_width=&#8221;none&#8221; column_border_style=&#8221;solid&#8221; delay=&#8221;300&#8243;][vc_column_text]\n<h2 style=\"text-align: left;\" data-column-margin=\"default\">Ba\u011fl\u0131 Kal\u0131n<\/h2>\n[\/vc_column_text]<div class=\"divider-wrap\"><div style=\"height: 25px;\" class=\"divider\"><\/div><\/div><div class=\"divider-wrap\"><div style=\"height: 25px;\" class=\"divider\"><\/div><\/div>[vc_column_text css_animation=&#8221;rollIn&#8221;]\n<p style=\"text-align: left;\">Bize e-postayla bizimle ileti\u015fime ge\u00e7mekten \u00e7ekinmeyin ve en k\u0131sa s\u00fcrede sizinle ileti\u015fime ge\u00e7ece\u011fiz.<\/p>\n<p style=\"text-align: left;\">info@ihsanRD.org<\/p>\n[\/vc_column_text]<div class=\"divider-wrap\"><div style=\"height: 50px;\" class=\"divider\"><\/div><\/div>[vc_column_text]\n<h2 style=\"text-align: left;\" data-column-margin=\"default\"><span class=\"HwtZe\" lang=\"tr\"><span class=\"jCAhz ChMk0b\"><span class=\"ryNqvb\">\u00c7al\u0131\u015fma Saatleri<\/span><\/span><\/span><\/h2>\n[\/vc_column_text][vc_column_text css_animation=&#8221;rollIn&#8221;]\n<ul>\n<li style=\"text-align: left;\"><span class=\"HwtZe\" lang=\"tr\"><span class=\"jCAhz ChMk0b\"><span class=\"ryNqvb\">Pazar g\u00fcn\u00fcnden Cuma g\u00fcn\u00fcne, \u015eam saatiyle sabah 9:00&#8217;dan ak\u015fam 18:00&#8217;e kadar.<\/span><\/span><\/span><\/li>\n<\/ul>\n[\/vc_column_text][\/vc_column][\/vc_row][vc_row type=&#8221;full_width_background&#8221; full_screen_row_position=&#8221;middle&#8221; bg_color=&#8221;#333333&#8243; scene_position=&#8221;center&#8221; text_color=&#8221;light&#8221; text_align=&#8221;right&#8221; disable_element=&#8221;yes&#8221; overlay_strength=&#8221;0.3&#8243;][vc_column column_padding=&#8221;no-extra-padding&#8221; column_padding_position=&#8221;all&#8221; background_color_opacity=&#8221;1&#8243; background_hover_color_opacity=&#8221;1&#8243; column_shadow=&#8221;none&#8221; width=&#8221;1\/1&#8243; tablet_text_alignment=&#8221;default&#8221; phone_text_alignment=&#8221;default&#8221; column_border_width=&#8221;none&#8221; column_border_style=&#8221;solid&#8221;][vc_column_text][contact-form-7 id=&#8221;29698&#8243;]<div class=\"divider-wrap\"><div style=\"height: 25px;\" class=\"divider\"><\/div><\/div>[\/vc_column_text]<div class=\"divider-wrap\"><div style=\"height: 25px;\" class=\"divider\"><\/div><\/div>[vc_row_inner column_margin=&#8221;default&#8221; text_align=&#8221;right&#8221;][vc_column_inner column_padding=&#8221;no-extra-padding&#8221; column_padding_position=&#8221;left&#8221; centered_text=&#8221;true&#8221; background_color_opacity=&#8221;1&#8243; width=&#8221;1\/3&#8243; column_border_width=&#8221;none&#8221; column_border_style=&#8221;solid&#8221;][vc_column_text]\n<p style=\"text-align: left;\">Daha fazla bilgi i\u00e7in ziyaret edin veya bize ula\u015f\u0131n:<br \/>\nMERKEZ MH, ESENLER CD,<br \/>\n711. SK No:10\/115 BA\u011eCILAR 34200<br \/>\nIstanbul -Turkey<\/p>\n<p style=\"text-align: left;\">info@ihsanrd.org<br \/>\nFax: +90 212 263 41 75<\/p>\n[\/vc_column_text]<div class=\"divider-wrap\"><div style=\"height: 25px;\" class=\"divider\"><\/div><\/div><div class=\"divider-wrap\"><div style=\"height: 25px;\" class=\"divider\"><\/div><\/div><div class=\"divider-wrap\"><div style=\"height: 25px;\" class=\"divider\"><\/div><\/div>[vc_column_text]\n<h4 style=\"text-align: left;\">E-b\u00fclten \u00dcyeli\u011fi<\/h4>\n[\/vc_column_text][vc_column_text]<script>(function() {\n\twindow.mc4wp = window.mc4wp || {\n\t\tlisteners: [],\n\t\tforms: {\n\t\t\ton: function(evt, cb) {\n\t\t\t\twindow.mc4wp.listeners.push(\n\t\t\t\t\t{\n\t\t\t\t\t\tevent   : evt,\n\t\t\t\t\t\tcallback: cb\n\t\t\t\t\t}\n\t\t\t\t);\n\t\t\t}\n\t\t}\n\t}\n})();\n<\/script><!-- Mailchimp for WordPress v4.12.1 - https:\/\/wordpress.org\/plugins\/mailchimp-for-wp\/ --><form id=\"mc4wp-form-3\" class=\"mc4wp-form mc4wp-form-19046\" method=\"post\" data-id=\"19046\" data-name=\"Newsletter_Arabic\" ><div class=\"mc4wp-form-fields\"><div class=\"col\" style=\"margin-top: 10px;\">\r\n    \r\n    <input type=\"email\" name=\"EMAIL\" required=\"\" placeholder=\"\">\r\n<\/div>\r\n<div class=\"col\" style=\"margin-top: 10px;\">\r\n    <input type=\"submit\" value=\"Subscribe\">\r\n<\/div>\r\n\r\n<\/div><label style=\"display: none !important;\">Leave this field empty if you're human: <input type=\"text\" name=\"_mc4wp_honeypot\" value=\"\" tabindex=\"-1\" autocomplete=\"off\" \/><\/label><input type=\"hidden\" name=\"_mc4wp_timestamp\" value=\"1775273825\" \/><input type=\"hidden\" name=\"_mc4wp_form_id\" value=\"19046\" \/><input type=\"hidden\" name=\"_mc4wp_form_element_id\" value=\"mc4wp-form-3\" \/><div class=\"mc4wp-response\"><\/div><\/form><!-- \/ Mailchimp for WordPress Plugin -->[\/vc_column_text][\/vc_column_inner][vc_column_inner column_padding=&#8221;padding-5-percent&#8221; column_padding_position=&#8221;right&#8221; centered_text=&#8221;true&#8221; background_color_opacity=&#8221;1&#8243; width=&#8221;1\/3&#8243; column_border_width=&#8221;none&#8221; column_border_style=&#8221;solid&#8221;][vc_column_text]\n<h5 style=\"text-align: center;\"><span style=\"color: #ffffff;\">Nasil fonu harciyoruz<\/span><\/h5>\n[\/vc_column_text]<div class=\"divider-wrap\"><div style=\"height: 25px;\" class=\"divider\"><\/div><\/div><div class=\"img-with-aniamtion-wrap center\" data-max-width=\"100%\"><div class=\"inner\"><a href=\"https:\/\/www.ihsanrd.org\/publications_reports\/\" target=\"_self\" class=\"center\"><img loading=\"lazy\" decoding=\"async\" data-shadow=\"none\" data-shadow-direction=\"middle\" class=\"img-with-animation \" data-delay=\"0\" height=\"226\" width=\"250\" data-animation=\"fade-in\" src=\"https:\/\/www.ihsanrd.org\/wp-content\/uploads\/2018\/01\/footer-tr-02-e1515748507304.png\"  alt=\"\" \/><\/a><\/div><\/div><div class=\"divider-wrap\"><div style=\"height: 25px;\" class=\"divider\"><\/div><\/div>[\/vc_column_inner][vc_column_inner column_padding=&#8221;no-extra-padding&#8221; column_padding_position=&#8221;all&#8221; centered_text=&#8221;true&#8221; background_color_opacity=&#8221;1&#8243; width=&#8221;1\/3&#8243; column_border_width=&#8221;none&#8221; column_border_style=&#8221;solid&#8221;]<div class=\"img-with-aniamtion-wrap center\" data-max-width=\"125%\"><div class=\"inner\"><a href=\"http:\/\/www.syrianforum.org\" target=\"_blank\" class=\"center\"><img loading=\"lazy\" decoding=\"async\" data-shadow=\"none\" data-shadow-direction=\"middle\" class=\"img-with-animation \" data-delay=\"0\" height=\"109\" width=\"250\" data-animation=\"fade-in\" src=\"https:\/\/www.ihsanrd.org\/wp-content\/uploads\/2021\/03\/Syrian-Forum-W.png\"  alt=\"\" \/><\/a><\/div><\/div><div class=\"divider-wrap\"><div style=\"height: 25px;\" class=\"divider\"><\/div><\/div>[vc_column_text]\u0130hsanRD, Suriye Forum&#8217;un Suriye ve T\u00fcrkiyedeki Suriyelilerin ya\u015famlar\u0131n\u0131 iyile\u015ftirmeye katk\u0131da bulunan be\u015f program\u0131ndan biridir.[\/vc_column_text]<div class=\"divider-wrap\"><div style=\"height: 25px;\" class=\"divider\"><\/div><\/div>[vc_column_text css=&#8221;.vc_custom_1620295539661{margin-right: -20px !important;padding-left: 20px !important;}&#8221;]\n<table style=\"background-color: rgba(0, 0, 0, 0); border-style: none;\" cellpadding=\"0\">\n<tbody>\n<tr style=\"background-color: rgba(0, 0, 0, 0); border-style: none;\">\n<td style=\"background-color: rgba(0, 0, 0, 0); border: none;\"><a href=\"http:\/\/www.ihsanrd.org\"><img loading=\"lazy\" decoding=\"async\" class=\"right alignnone wp-image-264252 size-medium\" src=\"https:\/\/www.ihsanrd.org\/wp-content\/uploads\/2021\/03\/SF_IhsanRD-W-300x133.png\" alt=\"\" width=\"300\" height=\"133\" srcset=\"https:\/\/www.ihsanrd.org\/wp-content\/uploads\/2021\/03\/SF_IhsanRD-W-300x133.png 300w, https:\/\/www.ihsanrd.org\/wp-content\/uploads\/2021\/03\/SF_IhsanRD-W.png 657w\" sizes=\"(max-width: 300px) 100vw, 300px\" \/><\/a><\/td>\n<td style=\"background-color: rgba(0, 0, 0, 0); border: none;\"><a href=\"https:\/\/www.bousla.org\/\"><img loading=\"lazy\" decoding=\"async\" class=\"right alignnone wp-image-264251 size-medium\" src=\"https:\/\/www.ihsanrd.org\/wp-content\/uploads\/2021\/03\/SF_Bousla-W-300x133.png\" alt=\"\" width=\"300\" height=\"133\" srcset=\"https:\/\/www.ihsanrd.org\/wp-content\/uploads\/2021\/03\/SF_Bousla-W-300x133.png 300w, https:\/\/www.ihsanrd.org\/wp-content\/uploads\/2021\/03\/SF_Bousla-W.png 657w\" sizes=\"(max-width: 300px) 100vw, 300px\" \/><\/a><\/td>\n<td style=\"background-color: rgba(0, 0, 0, 0); border: none;\"><a href=\"http:\/\/rizk.syrianforum.org\/\"><img loading=\"lazy\" decoding=\"async\" class=\"right alignnone wp-image-264254 size-medium\" src=\"https:\/\/www.ihsanrd.org\/wp-content\/uploads\/2021\/03\/SF_Rizk-W-300x134.png\" alt=\"\" width=\"300\" height=\"134\" srcset=\"https:\/\/www.ihsanrd.org\/wp-content\/uploads\/2021\/03\/SF_Rizk-W-300x134.png 300w, https:\/\/www.ihsanrd.org\/wp-content\/uploads\/2021\/03\/SF_Rizk-W.png 656w\" sizes=\"(max-width: 300px) 100vw, 300px\" \/><\/a><\/td>\n<td style=\"background-color: rgba(0, 0, 0, 0); border: none;\"><\/td>\n<td style=\"background-color: rgba(0, 0, 0, 0); border: none;\"><\/td>\n<td style=\"background-color: rgba(0, 0, 0, 0); border: none;\"><\/td>\n<\/tr>\n<tr style=\"background-color: rgba(0, 0, 0, 0); border-style: none;\">\n<td style=\"background-color: rgba(0, 0, 0, 0); border: none;\"><\/td>\n<td style=\"background-color: rgba(0, 0, 0, 0); border: none;\"><a href=\"http:\/\/www.omrandirasat.org\/\"><img loading=\"lazy\" decoding=\"async\" class=\"right alignnone wp-image-264253 size-medium\" src=\"https:\/\/www.ihsanrd.org\/wp-content\/uploads\/2021\/03\/SF_Omran-W-300x126.png\" alt=\"\" width=\"300\" height=\"126\" srcset=\"https:\/\/www.ihsanrd.org\/wp-content\/uploads\/2021\/03\/SF_Omran-W-300x126.png 300w, https:\/\/www.ihsanrd.org\/wp-content\/uploads\/2021\/03\/SF_Omran-W.png 695w\" sizes=\"(max-width: 300px) 100vw, 300px\" \/><\/a><\/td>\n<td style=\"background-color: rgba(0, 0, 0, 0); border: none;\"><a href=\"https:\/\/www.alsouria.net\/\"><img loading=\"lazy\" decoding=\"async\" class=\"right alignnone wp-image-264255 size-medium\" src=\"https:\/\/www.ihsanrd.org\/wp-content\/uploads\/2021\/03\/SF_Souria-W-300x133.png\" alt=\"\" width=\"300\" height=\"133\" srcset=\"https:\/\/www.ihsanrd.org\/wp-content\/uploads\/2021\/03\/SF_Souria-W-300x133.png 300w, https:\/\/www.ihsanrd.org\/wp-content\/uploads\/2021\/03\/SF_Souria-W.png 657w\" sizes=\"(max-width: 300px) 100vw, 300px\" \/><\/a><\/td>\n<td style=\"background-color: rgba(0, 0, 0, 0); border: none;\"><\/td>\n<td style=\"background-color: rgba(0, 0, 0, 0); border: none;\"><\/td>\n<td style=\"background-color: rgba(0, 0, 0, 0); border: none;\"><\/td>\n<\/tr>\n<\/tbody>\n<\/table>\n[\/vc_column_text][\/vc_column_inner][\/vc_row_inner][\/vc_column][\/vc_row]","protected":false},"excerpt":{"rendered":"<p>[vc_row type=&#8221;full_width_content&#8221; full_screen_row_position=&#8221;middle&#8221; equal_height=&#8221;yes&#8221; scene_position=&#8221;center&#8221; text_color=&#8221;light&#8221; text_align=&#8221;left&#8221; overlay_strength=&#8221;0.3&#8243;][vc_column enable_animation=&#8221;true&#8221; animation=&#8221;grow-in&#8221; column_padding=&#8221;no-extra-padding&#8221; column_padding_position=&#8221;all&#8221; background_color_opacity=&#8221;1&#8243; background_hover_color_opacity=&#8221;1&#8243; column_shadow=&#8221;none&#8221; width=&#8221;1\/2&#8243; tablet_text_alignment=&#8221;default&#8221; phone_text_alignment=&#8221;default&#8221; column_border_width=&#8221;none&#8221; column_border_style=&#8221;solid&#8221; delay=&#8221;200&#8243;][tabbed_section style=&#8221;default&#8221; alignment=&#8221;center&#8221;][tab title=&#8221;Gaziantep&#8221; id=&#8221;1765433342-1-93&#8243; tab_id=&#8221;1765433370542-2&#8243;][vc_column_text] \u0130ncili P\u0131nar Mahallesi, Kamil&#8230;<\/p>\n","protected":false},"author":11,"featured_media":0,"parent":0,"menu_order":0,"comment_status":"closed","ping_status":"closed","template":"","meta":{"footnotes":""},"class_list":["post-6402","page","type-page","status-publish","hentry"],"yoast_head":"<!-- This site is optimized with the Yoast SEO plugin v25.3.1 - https:\/\/yoast.com\/wordpress\/plugins\/seo\/ -->\n<title>\u0130leti\u015fim - Ihsan Insani Yardim Ve Dayanisma Derne\u011fi<\/title>\n<meta name=\"robots\" content=\"index, follow, max-snippet:-1, max-image-preview:large, max-video-preview:-1\" \/>\n<link rel=\"canonical\" href=\"https:\/\/www.ihsanrd.org\/contact-us\/\" \/>\n<meta property=\"og:locale\" content=\"tr_TR\" \/>\n<meta property=\"og:type\" content=\"article\" \/>\n<meta property=\"og:title\" content=\"[:en]Contact Us[:ar]\u062a\u0648\u0627\u0635\u0644 \u0645\u0639\u0646\u0627[:tr]\u0130leti\u015fim[:] - Ihsan Insani Yardim Ve Dayanisma Derne\u011fi\" \/>\n<meta property=\"og:description\" content=\"[vc_row type=&#8221;full_width_content&#8221; full_screen_row_position=&#8221;middle&#8221; equal_height=&#8221;yes&#8221; scene_position=&#8221;center&#8221; text_color=&#8221;light&#8221; text_align=&#8221;left&#8221; overlay_strength=&#8221;0.3&#8243;][vc_column enable_animation=&#8221;true&#8221; animation=&#8221;grow-in&#8221; column_padding=&#8221;no-extra-padding&#8221; column_padding_position=&#8221;all&#8221; background_color_opacity=&#8221;1&#8243; background_hover_color_opacity=&#8221;1&#8243; column_shadow=&#8221;none&#8221; width=&#8221;1\/2&#8243; tablet_text_alignment=&#8221;default&#8221; phone_text_alignment=&#8221;default&#8221; column_border_width=&#8221;none&#8221; column_border_style=&#8221;solid&#8221; delay=&#8221;200&#8243;][tabbed_section style=&#8221;default&#8221; alignment=&#8221;center&#8221;][tab title=&#8221;Gaziantep&#8221; id=&#8221;1765433342-1-93&#8243; tab_id=&#8221;1765433370542-2&#8243;][vc_column_text] \u0130ncili P\u0131nar Mahallesi, Kamil...\" \/>\n<meta property=\"og:url\" content=\"https:\/\/www.ihsanrd.org\/contact-us\/\" \/>\n<meta property=\"og:site_name\" content=\"Ihsan Insani Yardim Ve Dayanisma Derne\u011fi\" \/>\n<meta property=\"article:publisher\" content=\"https:\/\/www.facebook.com\/IhsanRD\/\" \/>\n<meta property=\"article:modified_time\" content=\"2025-12-11T06:28:25+00:00\" \/>\n<meta property=\"og:image\" content=\"http:\/\/www.ihsanrd.org\/wp-content\/uploads\/2021\/03\/SF_IhsanRD-W-300x133.png\" \/>\n<meta name=\"twitter:card\" content=\"summary_large_image\" \/>\n<meta name=\"twitter:site\" content=\"@Ihsan_R_D\" \/>\n<meta name=\"twitter:label1\" content=\"Tahmini okuma s\u00fcresi\" \/>\n\t<meta name=\"twitter:data1\" content=\"3 dakika\" \/>\n<script type=\"application\/ld+json\" class=\"yoast-schema-graph\">{\"@context\":\"https:\/\/schema.org\",\"@graph\":[{\"@type\":\"WebPage\",\"@id\":\"https:\/\/www.ihsanrd.org\/contact-us\/\",\"url\":\"https:\/\/www.ihsanrd.org\/contact-us\/\",\"name\":\"[:en]Contact Us[:ar]\u062a\u0648\u0627\u0635\u0644 \u0645\u0639\u0646\u0627[:tr]\u0130leti\u015fim[:] - Ihsan Insani Yardim Ve Dayanisma Derne\u011fi\",\"isPartOf\":{\"@id\":\"https:\/\/www.ihsanrd.org\/ar\/#website\"},\"primaryImageOfPage\":{\"@id\":\"https:\/\/www.ihsanrd.org\/contact-us\/#primaryimage\"},\"image\":{\"@id\":\"https:\/\/www.ihsanrd.org\/contact-us\/#primaryimage\"},\"thumbnailUrl\":\"http:\/\/www.ihsanrd.org\/wp-content\/uploads\/2021\/03\/SF_IhsanRD-W-300x133.png\",\"datePublished\":\"2017-04-30T00:44:48+00:00\",\"dateModified\":\"2025-12-11T06:28:25+00:00\",\"breadcrumb\":{\"@id\":\"https:\/\/www.ihsanrd.org\/contact-us\/#breadcrumb\"},\"inLanguage\":\"tr\",\"potentialAction\":[{\"@type\":\"ReadAction\",\"target\":[\"https:\/\/www.ihsanrd.org\/contact-us\/\"]}]},{\"@type\":\"ImageObject\",\"inLanguage\":\"tr\",\"@id\":\"https:\/\/www.ihsanrd.org\/contact-us\/#primaryimage\",\"url\":\"http:\/\/www.ihsanrd.org\/wp-content\/uploads\/2021\/03\/SF_IhsanRD-W-300x133.png\",\"contentUrl\":\"http:\/\/www.ihsanrd.org\/wp-content\/uploads\/2021\/03\/SF_IhsanRD-W-300x133.png\"},{\"@type\":\"BreadcrumbList\",\"@id\":\"https:\/\/www.ihsanrd.org\/contact-us\/#breadcrumb\",\"itemListElement\":[{\"@type\":\"ListItem\",\"position\":1,\"name\":\"Home\",\"item\":\"https:\/\/www.ihsanrd.org\/\"},{\"@type\":\"ListItem\",\"position\":2,\"name\":\"Contact Us\"}]},{\"@type\":\"WebSite\",\"@id\":\"https:\/\/www.ihsanrd.org\/ar\/#website\",\"url\":\"https:\/\/www.ihsanrd.org\/ar\/\",\"name\":\"Ihsan Insani Yardim Ve Dayanisma Derne\u011fi\",\"description\":\"\",\"publisher\":{\"@id\":\"https:\/\/www.ihsanrd.org\/ar\/#organization\"},\"potentialAction\":[{\"@type\":\"SearchAction\",\"target\":{\"@type\":\"EntryPoint\",\"urlTemplate\":\"https:\/\/www.ihsanrd.org\/ar\/?s={search_term_string}\"},\"query-input\":{\"@type\":\"PropertyValueSpecification\",\"valueRequired\":true,\"valueName\":\"search_term_string\"}}],\"inLanguage\":\"tr\"},{\"@type\":\"Organization\",\"@id\":\"https:\/\/www.ihsanrd.org\/ar\/#organization\",\"name\":\"Ihsan Relief and Development\",\"url\":\"https:\/\/www.ihsanrd.org\/ar\/\",\"logo\":{\"@type\":\"ImageObject\",\"inLanguage\":\"tr\",\"@id\":\"https:\/\/www.ihsanrd.org\/ar\/#\/schema\/logo\/image\/\",\"url\":\"https:\/\/www.ihsanrd.org\/wp-content\/uploads\/2015\/12\/Ihsan-new-logo2.png\",\"contentUrl\":\"https:\/\/www.ihsanrd.org\/wp-content\/uploads\/2015\/12\/Ihsan-new-logo2.png\",\"width\":591,\"height\":268,\"caption\":\"Ihsan Relief and Development\"},\"image\":{\"@id\":\"https:\/\/www.ihsanrd.org\/ar\/#\/schema\/logo\/image\/\"},\"sameAs\":[\"https:\/\/www.facebook.com\/IhsanRD\/\",\"https:\/\/x.com\/Ihsan_R_D\",\"https:\/\/www.instagram.com\/ihsanrd_sf\/\",\"https:\/\/www.linkedin.com\/company\/ihsan-for-relief-and-development\/\",\"https:\/\/www.youtube.com\/c\/IhsanforReliefandDevelopment\"]}]}<\/script>\n<!-- \/ Yoast SEO plugin. -->","yoast_head_json":{"title":"[:en]Contact Us[:ar]\u062a\u0648\u0627\u0635\u0644 \u0645\u0639\u0646\u0627[:tr]\u0130leti\u015fim[:] - Ihsan Insani Yardim Ve Dayanisma Derne\u011fi","robots":{"index":"index","follow":"follow","max-snippet":"max-snippet:-1","max-image-preview":"max-image-preview:large","max-video-preview":"max-video-preview:-1"},"canonical":"https:\/\/www.ihsanrd.org\/contact-us\/","og_locale":"tr_TR","og_type":"article","og_title":"[:en]Contact Us[:ar]\u062a\u0648\u0627\u0635\u0644 \u0645\u0639\u0646\u0627[:tr]\u0130leti\u015fim[:] - Ihsan Insani Yardim Ve Dayanisma Derne\u011fi","og_description":"[vc_row type=&#8221;full_width_content&#8221; full_screen_row_position=&#8221;middle&#8221; equal_height=&#8221;yes&#8221; scene_position=&#8221;center&#8221; text_color=&#8221;light&#8221; text_align=&#8221;left&#8221; overlay_strength=&#8221;0.3&#8243;][vc_column enable_animation=&#8221;true&#8221; animation=&#8221;grow-in&#8221; column_padding=&#8221;no-extra-padding&#8221; column_padding_position=&#8221;all&#8221; background_color_opacity=&#8221;1&#8243; background_hover_color_opacity=&#8221;1&#8243; column_shadow=&#8221;none&#8221; width=&#8221;1\/2&#8243; tablet_text_alignment=&#8221;default&#8221; phone_text_alignment=&#8221;default&#8221; column_border_width=&#8221;none&#8221; column_border_style=&#8221;solid&#8221; delay=&#8221;200&#8243;][tabbed_section style=&#8221;default&#8221; alignment=&#8221;center&#8221;][tab title=&#8221;Gaziantep&#8221; id=&#8221;1765433342-1-93&#8243; tab_id=&#8221;1765433370542-2&#8243;][vc_column_text] \u0130ncili P\u0131nar Mahallesi, Kamil...","og_url":"https:\/\/www.ihsanrd.org\/contact-us\/","og_site_name":"Ihsan Insani Yardim Ve Dayanisma Derne\u011fi","article_publisher":"https:\/\/www.facebook.com\/IhsanRD\/","article_modified_time":"2025-12-11T06:28:25+00:00","og_image":[{"url":"http:\/\/www.ihsanrd.org\/wp-content\/uploads\/2021\/03\/SF_IhsanRD-W-300x133.png","type":"","width":"","height":""}],"twitter_card":"summary_large_image","twitter_site":"@Ihsan_R_D","twitter_misc":{"Tahmini okuma s\u00fcresi":"3 dakika"},"schema":{"@context":"https:\/\/schema.org","@graph":[{"@type":"WebPage","@id":"https:\/\/www.ihsanrd.org\/contact-us\/","url":"https:\/\/www.ihsanrd.org\/contact-us\/","name":"[:en]Contact Us[:ar]\u062a\u0648\u0627\u0635\u0644 \u0645\u0639\u0646\u0627[:tr]\u0130leti\u015fim[:] - Ihsan Insani Yardim Ve Dayanisma Derne\u011fi","isPartOf":{"@id":"https:\/\/www.ihsanrd.org\/ar\/#website"},"primaryImageOfPage":{"@id":"https:\/\/www.ihsanrd.org\/contact-us\/#primaryimage"},"image":{"@id":"https:\/\/www.ihsanrd.org\/contact-us\/#primaryimage"},"thumbnailUrl":"http:\/\/www.ihsanrd.org\/wp-content\/uploads\/2021\/03\/SF_IhsanRD-W-300x133.png","datePublished":"2017-04-30T00:44:48+00:00","dateModified":"2025-12-11T06:28:25+00:00","breadcrumb":{"@id":"https:\/\/www.ihsanrd.org\/contact-us\/#breadcrumb"},"inLanguage":"tr","potentialAction":[{"@type":"ReadAction","target":["https:\/\/www.ihsanrd.org\/contact-us\/"]}]},{"@type":"ImageObject","inLanguage":"tr","@id":"https:\/\/www.ihsanrd.org\/contact-us\/#primaryimage","url":"http:\/\/www.ihsanrd.org\/wp-content\/uploads\/2021\/03\/SF_IhsanRD-W-300x133.png","contentUrl":"http:\/\/www.ihsanrd.org\/wp-content\/uploads\/2021\/03\/SF_IhsanRD-W-300x133.png"},{"@type":"BreadcrumbList","@id":"https:\/\/www.ihsanrd.org\/contact-us\/#breadcrumb","itemListElement":[{"@type":"ListItem","position":1,"name":"Home","item":"https:\/\/www.ihsanrd.org\/"},{"@type":"ListItem","position":2,"name":"Contact Us"}]},{"@type":"WebSite","@id":"https:\/\/www.ihsanrd.org\/ar\/#website","url":"https:\/\/www.ihsanrd.org\/ar\/","name":"Ihsan Insani Yardim Ve Dayanisma Derne\u011fi","description":"","publisher":{"@id":"https:\/\/www.ihsanrd.org\/ar\/#organization"},"potentialAction":[{"@type":"SearchAction","target":{"@type":"EntryPoint","urlTemplate":"https:\/\/www.ihsanrd.org\/ar\/?s={search_term_string}"},"query-input":{"@type":"PropertyValueSpecification","valueRequired":true,"valueName":"search_term_string"}}],"inLanguage":"tr"},{"@type":"Organization","@id":"https:\/\/www.ihsanrd.org\/ar\/#organization","name":"Ihsan Relief and Development","url":"https:\/\/www.ihsanrd.org\/ar\/","logo":{"@type":"ImageObject","inLanguage":"tr","@id":"https:\/\/www.ihsanrd.org\/ar\/#\/schema\/logo\/image\/","url":"https:\/\/www.ihsanrd.org\/wp-content\/uploads\/2015\/12\/Ihsan-new-logo2.png","contentUrl":"https:\/\/www.ihsanrd.org\/wp-content\/uploads\/2015\/12\/Ihsan-new-logo2.png","width":591,"height":268,"caption":"Ihsan Relief and Development"},"image":{"@id":"https:\/\/www.ihsanrd.org\/ar\/#\/schema\/logo\/image\/"},"sameAs":["https:\/\/www.facebook.com\/IhsanRD\/","https:\/\/x.com\/Ihsan_R_D","https:\/\/www.instagram.com\/ihsanrd_sf\/","https:\/\/www.linkedin.com\/company\/ihsan-for-relief-and-development\/","https:\/\/www.youtube.com\/c\/IhsanforReliefandDevelopment"]}]}},"_links":{"self":[{"href":"https:\/\/www.ihsanrd.org\/tr\/wp-json\/wp\/v2\/pages\/6402"}],"collection":[{"href":"https:\/\/www.ihsanrd.org\/tr\/wp-json\/wp\/v2\/pages"}],"about":[{"href":"https:\/\/www.ihsanrd.org\/tr\/wp-json\/wp\/v2\/types\/page"}],"author":[{"embeddable":true,"href":"https:\/\/www.ihsanrd.org\/tr\/wp-json\/wp\/v2\/users\/11"}],"replies":[{"embeddable":true,"href":"https:\/\/www.ihsanrd.org\/tr\/wp-json\/wp\/v2\/comments?post=6402"}],"version-history":[{"count":209,"href":"https:\/\/www.ihsanrd.org\/tr\/wp-json\/wp\/v2\/pages\/6402\/revisions"}],"predecessor-version":[{"id":288117,"href":"https:\/\/www.ihsanrd.org\/tr\/wp-json\/wp\/v2\/pages\/6402\/revisions\/288117"}],"wp:attachment":[{"href":"https:\/\/www.ihsanrd.org\/tr\/wp-json\/wp\/v2\/media?parent=6402"}],"curies":[{"name":"wp","href":"https:\/\/api.w.org\/{rel}","templated":true}]}}